{"id":50,"date":"2018-10-22T16:29:59","date_gmt":"2018-10-22T16:29:59","guid":{"rendered":"http:\/\/reformaskd.com\/?page_id=50"},"modified":"2018-11-14T15:45:38","modified_gmt":"2018-11-14T15:45:38","slug":"carpinteria","status":"publish","type":"page","link":"http:\/\/reformaskd.com\/?page_id=50","title":{"rendered":"Viviendas"},"content":{"rendered":"<div id=\"features-2\" class=\"features-10m content-section-spacing-large content-section\" style=\"background-color: #ffffff;\" data-label=\"Features\" data-id=\"features-10-materialis\" data-export-id=\"features-10-materialis\" data-category=\"features\">\n<div class=\"gridContainer\">\n<h2><\/h2>\n<h2><\/h2>\n<h2 class=\"\">Viviendas<\/h2>\n<div class=\"gmail_default\">\n<div id=\"m_3183734557137848657m_9093985414335898164gmail-modul_5785768040\" class=\"m_3183734557137848657m_9093985414335898164gmail-modulelt m_3183734557137848657m_9093985414335898164gmail-n m_3183734557137848657m_9093985414335898164gmail-module-type-text m_3183734557137848657m_9093985414335898164gmail-diyfeLiveArea\">\n<p>En\u00a0esta secci\u00f3n\u00a0le informamos sobre nuestros trabajos en carpinter\u00eda de madera, carpinter\u00eda metal\u00edca, reformas de viviendas .<\/p>\n<\/div>\n<h1 style=\"text-align: center;\">Vivienda 1<\/h1>\n<\/div>\n\n\t\t<style type=\"text\/css\">\n\t\t\t#gallery-1 {\n\t\t\t\tmargin: auto;\n\t\t\t}\n\t\t\t#gallery-1 .gallery-item {\n\t\t\t\tfloat: left;\n\t\t\t\tmargin-top: 10px;\n\t\t\t\ttext-align: center;\n\t\t\t\twidth: 33%;\n\t\t\t}\n\t\t\t#gallery-1 img {\n\t\t\t\tborder: 2px solid #cfcfcf;\n\t\t\t}\n\t\t\t#gallery-1 .gallery-caption {\n\t\t\t\tmargin-left: 0;\n\t\t\t}\n\t\t\t\/* see gallery_shortcode() in wp-includes\/media.php *\/\n\t\t<\/style>\n\t\t<div data-carousel-extra='{\"blog_id\":1,\"permalink\":\"http:\\\/\\\/reformaskd.com\\\/?page_id=50\"}' id='gallery-1' class='gallery galleryid-50 gallery-columns-3 gallery-size-thumbnail'><dl class='gallery-item'>\n\t\t\t<dt class='gallery-icon landscape'>\n\t\t\t\t<a href='http:\/\/reformaskd.com\/?attachment_id=194'><img data-attachment-id=\"194\" data-orig-file=\"http:\/\/reformaskd.com\/wp-content\/uploads\/2018\/11\/20Abr11-Ba\u00f1os-y-escalera-de-Lalo-Godella-16.jpg\" data-orig-size=\"3648,2736\" data-comments-opened=\"1\" data-image-meta=\"{&quot;aperture&quot;:&quot;3.5&quot;,&quot;credit&quot;:&quot;&quot;,&quot;camera&quot;:&quot;E-510&quot;,&quot;caption&quot;:&quot;OLYMPUS DIGITAL CAMERA&quot;,&quot;created_timestamp&quot;:&quot;1303297801&quot;,&quot;copyright&quot;:&quot;&quot;,&quot;focal_length&quot;:&quot;14&quot;,&quot;iso&quot;:&quot;400&quot;,&quot;shutter_speed&quot;:&quot;0.25&quot;,&quot;title&quot;:&quot;OLYMPUS DIGITAL CAMERA&quot;,&quot;orientation&quot;:&quot;1&quot;,&quot;keywords&quot;:&quot;Array&quot;}\" data-image-title=\"Viviendas1\" data-image-description=\"\" data-medium-file=\"http:\/\/reformaskd.com\/wp-content\/uploads\/2018\/11\/20Abr11-Ba\u00f1os-y-escalera-de-Lalo-Godella-16-300x225.jpg\" data-large-file=\"http:\/\/reformaskd.com\/wp-content\/uploads\/2018\/11\/20Abr11-Ba\u00f1os-y-escalera-de-Lalo-Godella-16-1024x768.jpg\" width=\"150\" height=\"150\" src=\"http:\/\/reformaskd.com\/wp-content\/uploads\/2018\/11\/20Abr11-Ba\u00f1os-y-escalera-de-Lalo-Godella-16-150x150.jpg\" class=\"attachment-thumbnail size-thumbnail\" alt=\"\" decoding=\"async\" loading=\"lazy\" \/><\/a>\n\t\t\t<\/dt><\/dl><dl class='gallery-item'>\n\t\t\t<dt class='gallery-icon landscape'>\n\t\t\t\t<a href='http:\/\/reformaskd.com\/?attachment_id=195'><img data-attachment-id=\"195\" data-orig-file=\"http:\/\/reformaskd.com\/wp-content\/uploads\/2018\/11\/20Abr11-Ba\u00f1os-y-escalera-de-Lalo-Godella-17.jpg\" data-orig-size=\"3648,2736\" data-comments-opened=\"1\" data-image-meta=\"{&quot;aperture&quot;:&quot;3.5&quot;,&quot;credit&quot;:&quot;&quot;,&quot;camera&quot;:&quot;E-510&quot;,&quot;caption&quot;:&quot;OLYMPUS DIGITAL CAMERA&quot;,&quot;created_timestamp&quot;:&quot;1303297837&quot;,&quot;copyright&quot;:&quot;&quot;,&quot;focal_length&quot;:&quot;14&quot;,&quot;iso&quot;:&quot;400&quot;,&quot;shutter_speed&quot;:&quot;0.125&quot;,&quot;title&quot;:&quot;OLYMPUS DIGITAL CAMERA&quot;,&quot;orientation&quot;:&quot;1&quot;,&quot;keywords&quot;:&quot;Array&quot;}\" data-image-title=\"\" data-image-description=\"\" data-medium-file=\"http:\/\/reformaskd.com\/wp-content\/uploads\/2018\/11\/20Abr11-Ba\u00f1os-y-escalera-de-Lalo-Godella-17-300x225.jpg\" data-large-file=\"http:\/\/reformaskd.com\/wp-content\/uploads\/2018\/11\/20Abr11-Ba\u00f1os-y-escalera-de-Lalo-Godella-17-1024x768.jpg\" width=\"150\" height=\"150\" src=\"http:\/\/reformaskd.com\/wp-content\/uploads\/2018\/11\/20Abr11-Ba\u00f1os-y-escalera-de-Lalo-Godella-17-150x150.jpg\" class=\"attachment-thumbnail size-thumbnail\" alt=\"\" decoding=\"async\" loading=\"lazy\" \/><\/a>\n\t\t\t<\/dt><\/dl><dl class='gallery-item'>\n\t\t\t<dt class='gallery-icon landscape'>\n\t\t\t\t<a href='http:\/\/reformaskd.com\/?attachment_id=196'><img data-attachment-id=\"196\" data-orig-file=\"http:\/\/reformaskd.com\/wp-content\/uploads\/2018\/11\/20Abr11-Ba\u00f1os-y-escalera-de-Lalo-Godella-18.jpg\" data-orig-size=\"3648,2736\" data-comments-opened=\"1\" data-image-meta=\"{&quot;aperture&quot;:&quot;3.5&quot;,&quot;credit&quot;:&quot;&quot;,&quot;camera&quot;:&quot;E-510&quot;,&quot;caption&quot;:&quot;OLYMPUS DIGITAL CAMERA&quot;,&quot;created_timestamp&quot;:&quot;1303297883&quot;,&quot;copyright&quot;:&quot;&quot;,&quot;focal_length&quot;:&quot;14&quot;,&quot;iso&quot;:&quot;400&quot;,&quot;shutter_speed&quot;:&quot;0.125&quot;,&quot;title&quot;:&quot;OLYMPUS DIGITAL CAMERA&quot;,&quot;orientation&quot;:&quot;1&quot;,&quot;keywords&quot;:&quot;Array&quot;}\" data-image-title=\"\" data-image-description=\"\" data-medium-file=\"http:\/\/reformaskd.com\/wp-content\/uploads\/2018\/11\/20Abr11-Ba\u00f1os-y-escalera-de-Lalo-Godella-18-300x225.jpg\" data-large-file=\"http:\/\/reformaskd.com\/wp-content\/uploads\/2018\/11\/20Abr11-Ba\u00f1os-y-escalera-de-Lalo-Godella-18-1024x768.jpg\" width=\"150\" height=\"150\" src=\"http:\/\/reformaskd.com\/wp-content\/uploads\/2018\/11\/20Abr11-Ba\u00f1os-y-escalera-de-Lalo-Godella-18-150x150.jpg\" class=\"attachment-thumbnail size-thumbnail\" alt=\"\" decoding=\"async\" loading=\"lazy\" \/><\/a>\n\t\t\t<\/dt><\/dl><br style=\"clear: both\" \/><dl class='gallery-item'>\n\t\t\t<dt class='gallery-icon landscape'>\n\t\t\t\t<a href='http:\/\/reformaskd.com\/?attachment_id=197'><img data-attachment-id=\"197\" data-orig-file=\"http:\/\/reformaskd.com\/wp-content\/uploads\/2018\/11\/20Abr11-Ba\u00f1os-y-escalera-de-Lalo-Godella-23.jpg\" data-orig-size=\"3648,2736\" data-comments-opened=\"1\" data-image-meta=\"{&quot;aperture&quot;:&quot;3.8&quot;,&quot;credit&quot;:&quot;&quot;,&quot;camera&quot;:&quot;E-510&quot;,&quot;caption&quot;:&quot;OLYMPUS DIGITAL CAMERA&quot;,&quot;created_timestamp&quot;:&quot;1303297973&quot;,&quot;copyright&quot;:&quot;&quot;,&quot;focal_length&quot;:&quot;17&quot;,&quot;iso&quot;:&quot;400&quot;,&quot;shutter_speed&quot;:&quot;0.4&quot;,&quot;title&quot;:&quot;OLYMPUS DIGITAL CAMERA&quot;,&quot;orientation&quot;:&quot;1&quot;,&quot;keywords&quot;:&quot;Array&quot;}\" data-image-title=\"\" data-image-description=\"\" data-medium-file=\"http:\/\/reformaskd.com\/wp-content\/uploads\/2018\/11\/20Abr11-Ba\u00f1os-y-escalera-de-Lalo-Godella-23-300x225.jpg\" data-large-file=\"http:\/\/reformaskd.com\/wp-content\/uploads\/2018\/11\/20Abr11-Ba\u00f1os-y-escalera-de-Lalo-Godella-23-1024x768.jpg\" width=\"150\" height=\"150\" src=\"http:\/\/reformaskd.com\/wp-content\/uploads\/2018\/11\/20Abr11-Ba\u00f1os-y-escalera-de-Lalo-Godella-23-150x150.jpg\" class=\"attachment-thumbnail size-thumbnail\" alt=\"\" decoding=\"async\" loading=\"lazy\" \/><\/a>\n\t\t\t<\/dt><\/dl><dl class='gallery-item'>\n\t\t\t<dt class='gallery-icon landscape'>\n\t\t\t\t<a href='http:\/\/reformaskd.com\/?attachment_id=198'><img data-attachment-id=\"198\" data-orig-file=\"http:\/\/reformaskd.com\/wp-content\/uploads\/2018\/11\/20Abr11-Ba\u00f1os-y-escalera-de-Lalo-Godella-25.jpg\" data-orig-size=\"3648,2736\" data-comments-opened=\"1\" data-image-meta=\"{&quot;aperture&quot;:&quot;5.1&quot;,&quot;credit&quot;:&quot;&quot;,&quot;camera&quot;:&quot;E-510&quot;,&quot;caption&quot;:&quot;OLYMPUS DIGITAL CAMERA&quot;,&quot;created_timestamp&quot;:&quot;1303298016&quot;,&quot;copyright&quot;:&quot;&quot;,&quot;focal_length&quot;:&quot;31&quot;,&quot;iso&quot;:&quot;400&quot;,&quot;shutter_speed&quot;:&quot;0.625&quot;,&quot;title&quot;:&quot;OLYMPUS DIGITAL CAMERA&quot;,&quot;orientation&quot;:&quot;1&quot;,&quot;keywords&quot;:&quot;Array&quot;}\" data-image-title=\"\" data-image-description=\"\" data-medium-file=\"http:\/\/reformaskd.com\/wp-content\/uploads\/2018\/11\/20Abr11-Ba\u00f1os-y-escalera-de-Lalo-Godella-25-300x225.jpg\" data-large-file=\"http:\/\/reformaskd.com\/wp-content\/uploads\/2018\/11\/20Abr11-Ba\u00f1os-y-escalera-de-Lalo-Godella-25-1024x768.jpg\" width=\"150\" height=\"150\" src=\"http:\/\/reformaskd.com\/wp-content\/uploads\/2018\/11\/20Abr11-Ba\u00f1os-y-escalera-de-Lalo-Godella-25-150x150.jpg\" class=\"attachment-thumbnail size-thumbnail\" alt=\"\" decoding=\"async\" loading=\"lazy\" \/><\/a>\n\t\t\t<\/dt><\/dl>\n\t\t\t<br style='clear: both' \/>\n\t\t<\/div>\n\n<h1 style=\"text-align: center;\">Vivienda 2<\/h1>\n<div data-carousel-extra='{\"blog_id\":1,\"permalink\":\"http:\\\/\\\/reformaskd.com\\\/?page_id=50\"}' class=\"tiled-gallery type-square\" data-original-width=\"3840\"><div class=\"tiled-gallery-item\"><a border=\"0\" href=\"http:\/\/reformaskd.com\/wp-content\/uploads\/2018\/11\/Casa-Mariv\u00ed-Moncada.-Jul07-001.jpg\"><img data-attachment-id=\"199\" data-orig-file=\"http:\/\/reformaskd.com\/wp-content\/uploads\/2018\/11\/Casa-Mariv\u00ed-Moncada.-Jul07-001.jpg\" data-orig-size=\"2048,1536\" data-comments-opened=\"1\" data-image-meta=\"{&quot;aperture&quot;:&quot;2.8&quot;,&quot;credit&quot;:&quot;&quot;,&quot;camera&quot;:&quot;Konica Digital Camera KD-310Z&quot;,&quot;caption&quot;:&quot;&quot;,&quot;created_timestamp&quot;:&quot;1185047237&quot;,&quot;copyright&quot;:&quot;&quot;,&quot;focal_length&quot;:&quot;8&quot;,&quot;iso&quot;:&quot;100&quot;,&quot;shutter_speed&quot;:&quot;0.0168&quot;,&quot;title&quot;:&quot;&quot;,&quot;orientation&quot;:&quot;1&quot;}\" data-image-title=\"CasaMoncada\" data-image-description=\"\" data-medium-file=\"http:\/\/reformaskd.com\/wp-content\/uploads\/2018\/11\/Casa-Mariv\u00ed-Moncada.-Jul07-001-300x225.jpg\" data-large-file=\"http:\/\/reformaskd.com\/wp-content\/uploads\/2018\/11\/Casa-Mariv\u00ed-Moncada.-Jul07-001-1024x768.jpg\" style=\"margin: 2px\" src=\"http:\/\/reformaskd.com\/wp-content\/uploads\/2018\/11\/Casa-Mariv\u00ed-Moncada.-Jul07-001-1915x1536.jpg\" width=1915 height=1915 title=\"CasaMoncada\" \/><\/a><\/div><div class=\"tiled-gallery-item\"><a border=\"0\" href=\"http:\/\/reformaskd.com\/wp-content\/uploads\/2018\/11\/Casa-Mariv\u00ed-Moncada.-Jul07-002.jpg\"><img data-attachment-id=\"200\" data-orig-file=\"http:\/\/reformaskd.com\/wp-content\/uploads\/2018\/11\/Casa-Mariv\u00ed-Moncada.-Jul07-002.jpg\" data-orig-size=\"2048,1536\" data-comments-opened=\"1\" data-image-meta=\"{&quot;aperture&quot;:&quot;2.8&quot;,&quot;credit&quot;:&quot;&quot;,&quot;camera&quot;:&quot;Konica Digital Camera KD-310Z&quot;,&quot;caption&quot;:&quot;&quot;,&quot;created_timestamp&quot;:&quot;1185047286&quot;,&quot;copyright&quot;:&quot;&quot;,&quot;focal_length&quot;:&quot;8&quot;,&quot;iso&quot;:&quot;100&quot;,&quot;shutter_speed&quot;:&quot;0.0168&quot;,&quot;title&quot;:&quot;&quot;,&quot;orientation&quot;:&quot;1&quot;}\" data-image-title=\"\" data-image-description=\"\" data-medium-file=\"http:\/\/reformaskd.com\/wp-content\/uploads\/2018\/11\/Casa-Mariv\u00ed-Moncada.-Jul07-002-300x225.jpg\" data-large-file=\"http:\/\/reformaskd.com\/wp-content\/uploads\/2018\/11\/Casa-Mariv\u00ed-Moncada.-Jul07-002-1024x768.jpg\" style=\"margin: 2px\" src=\"http:\/\/reformaskd.com\/wp-content\/uploads\/2018\/11\/Casa-Mariv\u00ed-Moncada.-Jul07-002-1915x1536.jpg\" width=1915 height=1915 title=\"\" \/><\/a><\/div><div class=\"tiled-gallery-item\"><a border=\"0\" href=\"http:\/\/reformaskd.com\/wp-content\/uploads\/2018\/11\/Marivi-Colinas-004.jpg\"><img data-attachment-id=\"201\" data-orig-file=\"http:\/\/reformaskd.com\/wp-content\/uploads\/2018\/11\/Marivi-Colinas-004.jpg\" data-orig-size=\"1600,1200\" data-comments-opened=\"1\" data-image-meta=\"{&quot;aperture&quot;:&quot;2.8&quot;,&quot;credit&quot;:&quot;&quot;,&quot;camera&quot;:&quot;Konica Digital Camera KD-310Z&quot;,&quot;caption&quot;:&quot;&quot;,&quot;created_timestamp&quot;:&quot;1088087312&quot;,&quot;copyright&quot;:&quot;&quot;,&quot;focal_length&quot;:&quot;8&quot;,&quot;iso&quot;:&quot;100&quot;,&quot;shutter_speed&quot;:&quot;0.0168&quot;,&quot;title&quot;:&quot;&quot;,&quot;orientation&quot;:&quot;1&quot;}\" data-image-title=\"\" data-image-description=\"\" data-medium-file=\"http:\/\/reformaskd.com\/wp-content\/uploads\/2018\/11\/Marivi-Colinas-004-300x225.jpg\" data-large-file=\"http:\/\/reformaskd.com\/wp-content\/uploads\/2018\/11\/Marivi-Colinas-004-1024x768.jpg\" style=\"margin: 2px\" src=\"http:\/\/reformaskd.com\/wp-content\/uploads\/2018\/11\/Marivi-Colinas-004-1276x1200.jpg\" width=1276 height=1276 title=\"\" \/><\/a><\/div><div class=\"tiled-gallery-item\"><a border=\"0\" href=\"http:\/\/reformaskd.com\/wp-content\/uploads\/2018\/11\/Marivi-Colinas-005.jpg\"><img data-attachment-id=\"202\" data-orig-file=\"http:\/\/reformaskd.com\/wp-content\/uploads\/2018\/11\/Marivi-Colinas-005.jpg\" data-orig-size=\"1600,1200\" data-comments-opened=\"1\" data-image-meta=\"{&quot;aperture&quot;:&quot;2.8&quot;,&quot;credit&quot;:&quot;&quot;,&quot;camera&quot;:&quot;Konica Digital Camera KD-310Z&quot;,&quot;caption&quot;:&quot;&quot;,&quot;created_timestamp&quot;:&quot;1088088382&quot;,&quot;copyright&quot;:&quot;&quot;,&quot;focal_length&quot;:&quot;8&quot;,&quot;iso&quot;:&quot;100&quot;,&quot;shutter_speed&quot;:&quot;0.0168&quot;,&quot;title&quot;:&quot;&quot;,&quot;orientation&quot;:&quot;1&quot;}\" data-image-title=\"\" data-image-description=\"\" data-medium-file=\"http:\/\/reformaskd.com\/wp-content\/uploads\/2018\/11\/Marivi-Colinas-005-300x225.jpg\" data-large-file=\"http:\/\/reformaskd.com\/wp-content\/uploads\/2018\/11\/Marivi-Colinas-005-1024x768.jpg\" style=\"margin: 2px\" src=\"http:\/\/reformaskd.com\/wp-content\/uploads\/2018\/11\/Marivi-Colinas-005-1276x1200.jpg\" width=1276 height=1276 title=\"\" \/><\/a><\/div><div class=\"tiled-gallery-item\"><a border=\"0\" href=\"http:\/\/reformaskd.com\/wp-content\/uploads\/2018\/11\/Marivi-Colinas-006.jpg\"><img data-attachment-id=\"203\" data-orig-file=\"http:\/\/reformaskd.com\/wp-content\/uploads\/2018\/11\/Marivi-Colinas-006.jpg\" data-orig-size=\"1600,1200\" data-comments-opened=\"1\" data-image-meta=\"{&quot;aperture&quot;:&quot;2.8&quot;,&quot;credit&quot;:&quot;&quot;,&quot;camera&quot;:&quot;Konica Digital Camera KD-310Z&quot;,&quot;caption&quot;:&quot;&quot;,&quot;created_timestamp&quot;:&quot;1088088134&quot;,&quot;copyright&quot;:&quot;&quot;,&quot;focal_length&quot;:&quot;8&quot;,&quot;iso&quot;:&quot;100&quot;,&quot;shutter_speed&quot;:&quot;0.0168&quot;,&quot;title&quot;:&quot;&quot;,&quot;orientation&quot;:&quot;1&quot;}\" data-image-title=\"\" data-image-description=\"\" data-medium-file=\"http:\/\/reformaskd.com\/wp-content\/uploads\/2018\/11\/Marivi-Colinas-006-300x225.jpg\" data-large-file=\"http:\/\/reformaskd.com\/wp-content\/uploads\/2018\/11\/Marivi-Colinas-006-1024x768.jpg\" style=\"margin: 2px\" src=\"http:\/\/reformaskd.com\/wp-content\/uploads\/2018\/11\/Marivi-Colinas-006-1276x1200.jpg\" width=1276 height=1276 title=\"\" \/><\/a><\/div><\/div>\n<\/div>\n<\/div>\n","protected":false},"excerpt":{"rendered":"<p>Viviendas En\u00a0esta secci\u00f3n\u00a0le informamos sobre nuestros trabajos en carpinter\u00eda de madera, carpinter\u00eda metal\u00edca, reformas de viviendas . Vivienda 1 Vivienda 2<\/p>\n","protected":false},"author":1,"featured_media":0,"parent":0,"menu_order":0,"comment_status":"closed","ping_status":"closed","template":"","meta":[],"_links":{"self":[{"href":"http:\/\/reformaskd.com\/index.php?rest_route=\/wp\/v2\/pages\/50"}],"collection":[{"href":"http:\/\/reformaskd.com\/index.php?rest_route=\/wp\/v2\/pages"}],"about":[{"href":"http:\/\/reformaskd.com\/index.php?rest_route=\/wp\/v2\/types\/page"}],"author":[{"embeddable":true,"href":"http:\/\/reformaskd.com\/index.php?rest_route=\/wp\/v2\/users\/1"}],"replies":[{"embeddable":true,"href":"http:\/\/reformaskd.com\/index.php?rest_route=%2Fwp%2Fv2%2Fcomments&post=50"}],"version-history":[{"count":8,"href":"http:\/\/reformaskd.com\/index.php?rest_route=\/wp\/v2\/pages\/50\/revisions"}],"predecessor-version":[{"id":256,"href":"http:\/\/reformaskd.com\/index.php?rest_route=\/wp\/v2\/pages\/50\/revisions\/256"}],"wp:attachment":[{"href":"http:\/\/reformaskd.com\/index.php?rest_route=%2Fwp%2Fv2%2Fmedia&parent=50"}],"curies":[{"name":"wp","href":"https:\/\/api.w.org\/{rel}","templated":true}]}}